{"id":3968,"date":"2022-06-10T12:55:26","date_gmt":"2022-06-10T16:55:26","guid":{"rendered":"https:\/\/blog-paris-novios.aws.paris.cl\/?page_id=3968"},"modified":"2022-06-10T12:55:26","modified_gmt":"2022-06-10T16:55:26","slug":"5-ideas-para-un-matri-sonado-en-el-mar","status":"publish","type":"page","link":"https:\/\/club.noviosparis.cl\/blog\/5-ideas-para-un-matri-sonado-en-el-mar\/","title":{"rendered":"5 ideas para un matri so\u00f1ado en el mar"},"content":{"rendered":"\n<p><em>Casarse en la playa, con las olas de fondo y la arena bajo los pies, es el sue\u00f1o de muchos. Aqu\u00ed te contamos lo que no te puede faltar en un matri playero \u00a1Sigue leyendo!<\/em><\/p>\n\n\n\n<figure class=\"wp-block-image size-large\"><img loading=\"lazy\" decoding=\"async\" width=\"1024\" height=\"683\" src=\"https:\/\/blog-wordpress-paris-novios.aws.paris.cl\/wp-content\/uploads\/2022\/06\/IMAGENPRINCIPAL-1-1024x683.webp\" alt=\"\" class=\"wp-image-3969\" srcset=\"https:\/\/blog-wordpress-paris-novios.aws.paris.cl\/wp-content\/uploads\/2022\/06\/IMAGENPRINCIPAL-1-1024x683.webp 1024w, https:\/\/blog-wordpress-paris-novios.aws.paris.cl\/wp-content\/uploads\/2022\/06\/IMAGENPRINCIPAL-1-300x200.webp 300w, https:\/\/blog-wordpress-paris-novios.aws.paris.cl\/wp-content\/uploads\/2022\/06\/IMAGENPRINCIPAL-1-768x512.webp 768w, https:\/\/blog-wordpress-paris-novios.aws.paris.cl\/wp-content\/uploads\/2022\/06\/IMAGENPRINCIPAL-1.webp 1060w\" sizes=\"auto, (max-width: 1024px) 100vw, 1024px\" \/><\/figure>\n\n\n\n<p><strong>Dress code invitados:<\/strong><\/p>\n\n\n\n<p>Al ser un matri de d\u00eda y al aire libre, existen ciertas libertades, por lo que la vestimenta puede ser m\u00e1s relajada. Pero, \u00a1ojo! Una buena idea podr\u00eda ser que todas las mujeres asistan con vestidos de color fucsia y los hombres de color azul, la idea es que existan \u201cciertas reglas\u201d para que el ambiente se vea genial<\/p>\n\n\n\n<figure class=\"wp-block-image size-full is-resized\"><img loading=\"lazy\" decoding=\"async\" src=\"https:\/\/blog-wordpress-paris-novios.aws.paris.cl\/wp-content\/uploads\/2022\/06\/IMAGEN2.jpg\" alt=\"\" class=\"wp-image-3970\" width=\"531\" height=\"797\" srcset=\"https:\/\/blog-wordpress-paris-novios.aws.paris.cl\/wp-content\/uploads\/2022\/06\/IMAGEN2.jpg 564w, https:\/\/blog-wordpress-paris-novios.aws.paris.cl\/wp-content\/uploads\/2022\/06\/IMAGEN2-200x300.jpg 200w\" sizes=\"auto, (max-width: 531px) 100vw, 531px\" \/><\/figure>\n\n\n\n<p><strong>Dress code novios:<\/strong><\/p>\n\n\n\n<p>El entorno en que celebrar\u00e1s el matri es \u00fanico y natural. Para las novias lo mejor es elegir un vestido hippie o boho chic y un peinado tomado con flores, para ellos un traje con colores beige o crema, el novio puede prescindir de la chaqueta e ir s\u00f3lo con camisa.&nbsp;<\/p>\n\n\n\n<figure class=\"wp-block-image size-full is-resized\"><img loading=\"lazy\" decoding=\"async\" src=\"https:\/\/blog-wordpress-paris-novios.aws.paris.cl\/wp-content\/uploads\/2022\/06\/IMAGEN3.jpg\" alt=\"\" class=\"wp-image-3971\" width=\"519\" height=\"779\" srcset=\"https:\/\/blog-wordpress-paris-novios.aws.paris.cl\/wp-content\/uploads\/2022\/06\/IMAGEN3.jpg 564w, https:\/\/blog-wordpress-paris-novios.aws.paris.cl\/wp-content\/uploads\/2022\/06\/IMAGEN3-200x300.jpg 200w\" sizes=\"auto, (max-width: 519px) 100vw, 519px\" \/><\/figure>\n\n\n\n<p><strong>Must que no pueden faltar:<\/strong><\/p>\n\n\n\n<p>Aprovecha todos los elementos del mar como peque\u00f1os detalles de conchas, estrellas de mar, piedras, timones o faros.<\/p>\n\n\n\n<figure class=\"wp-block-image size-full is-resized\"><img loading=\"lazy\" decoding=\"async\" src=\"https:\/\/blog-wordpress-paris-novios.aws.paris.cl\/wp-content\/uploads\/2022\/06\/IMAGEN4.jpg\" alt=\"\" class=\"wp-image-3972\" width=\"504\" height=\"672\" srcset=\"https:\/\/blog-wordpress-paris-novios.aws.paris.cl\/wp-content\/uploads\/2022\/06\/IMAGEN4.jpg 736w, https:\/\/blog-wordpress-paris-novios.aws.paris.cl\/wp-content\/uploads\/2022\/06\/IMAGEN4-225x300.jpg 225w\" sizes=\"auto, (max-width: 504px) 100vw, 504px\" \/><\/figure>\n\n\n\n<p>Un matrimonio en la playa debe estar decorado de manera natural y relajada, decora el altar con arreglos de flores naturales, telas delicadas, as\u00ed como tambi\u00e9n las sillas y la entrada, incluyan faroles y ampolletas para dar un toque rom\u00e1ntico.<\/p>\n\n\n\n<figure class=\"wp-block-image size-full is-resized\"><img loading=\"lazy\" decoding=\"async\" src=\"https:\/\/blog-wordpress-paris-novios.aws.paris.cl\/wp-content\/uploads\/2022\/06\/IMAGEN5.jpg\" alt=\"\" class=\"wp-image-3973\" width=\"498\" height=\"623\" srcset=\"https:\/\/blog-wordpress-paris-novios.aws.paris.cl\/wp-content\/uploads\/2022\/06\/IMAGEN5.jpg 564w, https:\/\/blog-wordpress-paris-novios.aws.paris.cl\/wp-content\/uploads\/2022\/06\/IMAGEN5-240x300.jpg 240w\" sizes=\"auto, (max-width: 498px) 100vw, 498px\" \/><\/figure>\n\n\n\n<p>En otros espacios pueden incluir peque\u00f1as tiendas con cojines para que los invitados puedan sentarse durante el c\u00f3ctel.<\/p>\n\n\n\n<p>La playa da mucho juego para hacer regalos para tus invitados. Reparte sandalias para que est\u00e9n c\u00f3modos al andar sobre la arena, abanicos y botellitas de agua fresca.<\/p>\n\n\n\n<figure class=\"wp-block-image size-full\"><img loading=\"lazy\" decoding=\"async\" width=\"500\" height=\"750\" src=\"https:\/\/blog-wordpress-paris-novios.aws.paris.cl\/wp-content\/uploads\/2022\/06\/IMAGEN6-1.jpg\" alt=\"\" class=\"wp-image-3974\" srcset=\"https:\/\/blog-wordpress-paris-novios.aws.paris.cl\/wp-content\/uploads\/2022\/06\/IMAGEN6-1.jpg 500w, https:\/\/blog-wordpress-paris-novios.aws.paris.cl\/wp-content\/uploads\/2022\/06\/IMAGEN6-1-200x300.jpg 200w\" sizes=\"auto, (max-width: 500px) 100vw, 500px\" \/><\/figure>\n\n\n\n<p><strong>Ceremonia de la arena:<\/strong><\/p>\n\n\n\n<p>\u00bfLo conoc\u00edas? Es un ritual civil que se celebra tras&nbsp; intercambio de alianzas y la lectura de los votos, la novia y el novio aportan un recipiente de arena, cada uno coge su recipiente y lo va vertiendo en uno m\u00e1s grande, donde la arena se va uniendo como s\u00edmbolo de amor, compromiso suerte de los futuros esposos.<\/p>\n\n\n\n<p><strong>Men\u00fa fr\u00edo:<\/strong><\/p>\n\n\n\n<figure class=\"wp-block-image size-full is-resized\"><img loading=\"lazy\" decoding=\"async\" src=\"https:\/\/blog-wordpress-paris-novios.aws.paris.cl\/wp-content\/uploads\/2022\/06\/IMAGEN7-1.jpg\" alt=\"\" class=\"wp-image-3975\" width=\"506\" height=\"759\" srcset=\"https:\/\/blog-wordpress-paris-novios.aws.paris.cl\/wp-content\/uploads\/2022\/06\/IMAGEN7-1.jpg 564w, https:\/\/blog-wordpress-paris-novios.aws.paris.cl\/wp-content\/uploads\/2022\/06\/IMAGEN7-1-200x300.jpg 200w\" sizes=\"auto, (max-width: 506px) 100vw, 506px\" \/><\/figure>\n\n\n\n<p>Si quieren un servicio de banqueter\u00eda relacionado con el lugar, entonces el men\u00fa debe estar inspirado en el mar. Platos de fondo con pescado, entradas de locos, ostras o langostas, ser\u00e1n muy bien recibidas por los invitados. Para el c\u00f3ctel, un ceviche o variar con mini platos de fondo, acompa\u00f1ado de tragos frescos como pi\u00f1a colada o mojito, postres fr\u00edos con tem\u00e1tica del mar.<\/p>\n\n\n\n<figure class=\"wp-block-image size-full is-resized\"><img loading=\"lazy\" decoding=\"async\" src=\"https:\/\/blog-wordpress-paris-novios.aws.paris.cl\/wp-content\/uploads\/2022\/06\/IMAGEN8-1.jpg\" alt=\"\" class=\"wp-image-3976\" width=\"520\" height=\"782\" srcset=\"https:\/\/blog-wordpress-paris-novios.aws.paris.cl\/wp-content\/uploads\/2022\/06\/IMAGEN8-1.jpg 564w, https:\/\/blog-wordpress-paris-novios.aws.paris.cl\/wp-content\/uploads\/2022\/06\/IMAGEN8-1-200x300.jpg 200w\" sizes=\"auto, (max-width: 520px) 100vw, 520px\" \/><\/figure>\n","protected":false},"excerpt":{"rendered":"<p>Casarse en la playa, con las olas de fondo y la arena bajo los pies, es el sue\u00f1o de muchos. Aqu\u00ed te contamos lo que&hellip;<\/p>\n","protected":false},"author":2,"featured_media":3977,"parent":0,"menu_order":0,"comment_status":"closed","ping_status":"closed","template":"","meta":{"footnotes":""},"class_list":["post-3968","page","type-page","status-publish","has-post-thumbnail","hentry"],"_links":{"self":[{"href":"https:\/\/club.noviosparis.cl\/blog\/wp-json\/wp\/v2\/pages\/3968","targetHints":{"allow":["GET"]}}],"collection":[{"href":"https:\/\/club.noviosparis.cl\/blog\/wp-json\/wp\/v2\/pages"}],"about":[{"href":"https:\/\/club.noviosparis.cl\/blog\/wp-json\/wp\/v2\/types\/page"}],"author":[{"embeddable":true,"href":"https:\/\/club.noviosparis.cl\/blog\/wp-json\/wp\/v2\/users\/2"}],"replies":[{"embeddable":true,"href":"https:\/\/club.noviosparis.cl\/blog\/wp-json\/wp\/v2\/comments?post=3968"}],"version-history":[{"count":0,"href":"https:\/\/club.noviosparis.cl\/blog\/wp-json\/wp\/v2\/pages\/3968\/revisions"}],"wp:featuredmedia":[{"embeddable":true,"href":"https:\/\/club.noviosparis.cl\/blog\/wp-json\/wp\/v2\/media\/3977"}],"wp:attachment":[{"href":"https:\/\/club.noviosparis.cl\/blog\/wp-json\/wp\/v2\/media?parent=3968"}],"curies":[{"name":"wp","href":"https:\/\/api.w.org\/{rel}","templated":true}]}}